{"id":28028,"date":"2024-10-24T20:08:39","date_gmt":"2024-10-24T17:08:39","guid":{"rendered":"http:\/\/blinkit.com.tr\/?post_type=product&#038;p=28028"},"modified":"2024-11-01T00:37:30","modified_gmt":"2024-10-31T21:37:30","slug":"10mm12-24v-1mt-84led-ic-mekan-serit-led","status":"publish","type":"product","link":"https:\/\/blinkit.com.tr\/?product=10mm12-24v-1mt-84led-ic-mekan-serit-led","title":{"rendered":"10mm 12\/24V 1mt\/84Led \u0130\u00e7 Mekan \u015eerit Led"},"content":{"rendered":"","protected":false},"excerpt":{"rendered":"","protected":false},"featured_media":28018,"comment_status":"closed","ping_status":"closed","template":"","meta":{"_joinchat":[]},"product_brand":[],"product_cat":[28],"product_tag":[],"class_list":{"0":"post-28028","1":"product","2":"type-product","3":"status-publish","4":"has-post-thumbnail","6":"product_cat-serit-ledler","8":"first","9":"instock","10":"taxable","11":"shipping-taxable","12":"product-type-grouped"},"yoast_head":"<!-- This site is optimized with the Yoast SEO plugin v24.2 - https:\/\/yoast.com\/wordpress\/plugins\/seo\/ -->\n<title>10mm 12\/24V 1mt\/84Led \u0130\u00e7 Mekan \u015eerit Led - Blinkit, Bir Mobilya Ayd\u0131nlatma D\u00fcnyas\u0131<\/title>\n<meta name=\"robots\" content=\"index, follow, max-snippet:-1, max-image-preview:large, max-video-preview:-1\" \/>\n<link rel=\"canonical\" href=\"https:\/\/blinkit.com.tr\/urun\/10mm12-24v-1mt-84led-ic-mekan-serit-led\/\" \/>\n<meta property=\"og:locale\" content=\"tr_TR\" \/>\n<meta property=\"og:type\" content=\"article\" \/>\n<meta property=\"og:title\" content=\"10mm 12\/24V 1mt\/84Led \u0130\u00e7 Mekan \u015eerit Led - Blinkit, Bir Mobilya Ayd\u0131nlatma D\u00fcnyas\u0131\" \/>\n<meta property=\"og:url\" content=\"https:\/\/blinkit.com.tr\/urun\/10mm12-24v-1mt-84led-ic-mekan-serit-led\/\" \/>\n<meta property=\"og:site_name\" content=\"Blinkit, Bir Mobilya Ayd\u0131nlatma D\u00fcnyas\u0131\" \/>\n<meta property=\"article:modified_time\" content=\"2024-10-31T21:37:30+00:00\" \/>\n<meta property=\"og:image\" content=\"https:\/\/blinkit.com.tr\/wp-content\/uploads\/2021\/08\/10MM-12V.-24V.-MT-84-LED-IC-MEKAN-SERIT-LED-scaled.jpg\" \/>\n\t<meta property=\"og:image:width\" content=\"2560\" \/>\n\t<meta property=\"og:image:height\" content=\"2560\" \/>\n\t<meta property=\"og:image:type\" content=\"image\/jpeg\" \/>\n<meta name=\"twitter:card\" content=\"summary_large_image\" \/>\n<script type=\"application\/ld+json\" class=\"yoast-schema-graph\">{\"@context\":\"https:\/\/schema.org\",\"@graph\":[{\"@type\":\"WebPage\",\"@id\":\"https:\/\/blinkit.com.tr\/urun\/10mm12-24v-1mt-84led-ic-mekan-serit-led\/\",\"url\":\"https:\/\/blinkit.com.tr\/urun\/10mm12-24v-1mt-84led-ic-mekan-serit-led\/\",\"name\":\"10mm 12\/24V 1mt\/84Led \u0130\u00e7 Mekan \u015eerit Led - Blinkit, Bir Mobilya Ayd\u0131nlatma D\u00fcnyas\u0131\",\"isPartOf\":{\"@id\":\"https:\/\/blinkit.com.tr\/#website\"},\"primaryImageOfPage\":{\"@id\":\"https:\/\/blinkit.com.tr\/urun\/10mm12-24v-1mt-84led-ic-mekan-serit-led\/#primaryimage\"},\"image\":{\"@id\":\"https:\/\/blinkit.com.tr\/urun\/10mm12-24v-1mt-84led-ic-mekan-serit-led\/#primaryimage\"},\"thumbnailUrl\":\"https:\/\/blinkit.com.tr\/wp-content\/uploads\/2021\/08\/10MM-12V.-24V.-MT-84-LED-IC-MEKAN-SERIT-LED-scaled.jpg\",\"datePublished\":\"2024-10-24T17:08:39+00:00\",\"dateModified\":\"2024-10-31T21:37:30+00:00\",\"breadcrumb\":{\"@id\":\"https:\/\/blinkit.com.tr\/urun\/10mm12-24v-1mt-84led-ic-mekan-serit-led\/#breadcrumb\"},\"inLanguage\":\"tr\",\"potentialAction\":[{\"@type\":\"ReadAction\",\"target\":[\"https:\/\/blinkit.com.tr\/urun\/10mm12-24v-1mt-84led-ic-mekan-serit-led\/\"]}]},{\"@type\":\"ImageObject\",\"inLanguage\":\"tr\",\"@id\":\"https:\/\/blinkit.com.tr\/urun\/10mm12-24v-1mt-84led-ic-mekan-serit-led\/#primaryimage\",\"url\":\"https:\/\/blinkit.com.tr\/wp-content\/uploads\/2021\/08\/10MM-12V.-24V.-MT-84-LED-IC-MEKAN-SERIT-LED-scaled.jpg\",\"contentUrl\":\"https:\/\/blinkit.com.tr\/wp-content\/uploads\/2021\/08\/10MM-12V.-24V.-MT-84-LED-IC-MEKAN-SERIT-LED-scaled.jpg\",\"width\":2560,\"height\":2560},{\"@type\":\"BreadcrumbList\",\"@id\":\"https:\/\/blinkit.com.tr\/urun\/10mm12-24v-1mt-84led-ic-mekan-serit-led\/#breadcrumb\",\"itemListElement\":[{\"@type\":\"ListItem\",\"position\":1,\"name\":\"Anasayfa\",\"item\":\"https:\/\/blinkit.com.tr\/\"},{\"@type\":\"ListItem\",\"position\":2,\"name\":\"Ma\u011faza\",\"item\":\"https:\/\/blinkit.com.tr\/?page_id=28881\"},{\"@type\":\"ListItem\",\"position\":3,\"name\":\"10mm 12\/24V 1mt\/84Led \u0130\u00e7 Mekan \u015eerit Led\"}]},{\"@type\":\"WebSite\",\"@id\":\"https:\/\/blinkit.com.tr\/#website\",\"url\":\"https:\/\/blinkit.com.tr\/\",\"name\":\"Blinkit, Bir Mobilya Ayd\u0131nlatma D\u00fcnyas\u0131\",\"description\":\"Mobilya Ayd\u0131nlatma\",\"publisher\":{\"@id\":\"https:\/\/blinkit.com.tr\/#organization\"},\"potentialAction\":[{\"@type\":\"SearchAction\",\"target\":{\"@type\":\"EntryPoint\",\"urlTemplate\":\"https:\/\/blinkit.com.tr\/?s={search_term_string}\"},\"query-input\":{\"@type\":\"PropertyValueSpecification\",\"valueRequired\":true,\"valueName\":\"search_term_string\"}}],\"inLanguage\":\"tr\"},{\"@type\":\"Organization\",\"@id\":\"https:\/\/blinkit.com.tr\/#organization\",\"name\":\"Blinkit, Bir Mobilya Ayd\u0131nlatma D\u00fcnyas\u0131\",\"url\":\"https:\/\/blinkit.com.tr\/\",\"logo\":{\"@type\":\"ImageObject\",\"inLanguage\":\"tr\",\"@id\":\"https:\/\/blinkit.com.tr\/#\/schema\/logo\/image\/\",\"url\":\"https:\/\/blinkit.com.tr\/wp-content\/uploads\/2024\/10\/LOGO-png.png\",\"contentUrl\":\"https:\/\/blinkit.com.tr\/wp-content\/uploads\/2024\/10\/LOGO-png.png\",\"width\":236,\"height\":77,\"caption\":\"Blinkit, Bir Mobilya Ayd\u0131nlatma D\u00fcnyas\u0131\"},\"image\":{\"@id\":\"https:\/\/blinkit.com.tr\/#\/schema\/logo\/image\/\"}}]}<\/script>\n<!-- \/ Yoast SEO plugin. -->","yoast_head_json":{"title":"10mm 12\/24V 1mt\/84Led \u0130\u00e7 Mekan \u015eerit Led - Blinkit, Bir Mobilya Ayd\u0131nlatma D\u00fcnyas\u0131","robots":{"index":"index","follow":"follow","max-snippet":"max-snippet:-1","max-image-preview":"max-image-preview:large","max-video-preview":"max-video-preview:-1"},"canonical":"https:\/\/blinkit.com.tr\/urun\/10mm12-24v-1mt-84led-ic-mekan-serit-led\/","og_locale":"tr_TR","og_type":"article","og_title":"10mm 12\/24V 1mt\/84Led \u0130\u00e7 Mekan \u015eerit Led - Blinkit, Bir Mobilya Ayd\u0131nlatma D\u00fcnyas\u0131","og_url":"https:\/\/blinkit.com.tr\/urun\/10mm12-24v-1mt-84led-ic-mekan-serit-led\/","og_site_name":"Blinkit, Bir Mobilya Ayd\u0131nlatma D\u00fcnyas\u0131","article_modified_time":"2024-10-31T21:37:30+00:00","og_image":[{"width":2560,"height":2560,"url":"https:\/\/blinkit.com.tr\/wp-content\/uploads\/2021\/08\/10MM-12V.-24V.-MT-84-LED-IC-MEKAN-SERIT-LED-scaled.jpg","type":"image\/jpeg"}],"twitter_card":"summary_large_image","schema":{"@context":"https:\/\/schema.org","@graph":[{"@type":"WebPage","@id":"https:\/\/blinkit.com.tr\/urun\/10mm12-24v-1mt-84led-ic-mekan-serit-led\/","url":"https:\/\/blinkit.com.tr\/urun\/10mm12-24v-1mt-84led-ic-mekan-serit-led\/","name":"10mm 12\/24V 1mt\/84Led \u0130\u00e7 Mekan \u015eerit Led - Blinkit, Bir Mobilya Ayd\u0131nlatma D\u00fcnyas\u0131","isPartOf":{"@id":"https:\/\/blinkit.com.tr\/#website"},"primaryImageOfPage":{"@id":"https:\/\/blinkit.com.tr\/urun\/10mm12-24v-1mt-84led-ic-mekan-serit-led\/#primaryimage"},"image":{"@id":"https:\/\/blinkit.com.tr\/urun\/10mm12-24v-1mt-84led-ic-mekan-serit-led\/#primaryimage"},"thumbnailUrl":"https:\/\/blinkit.com.tr\/wp-content\/uploads\/2021\/08\/10MM-12V.-24V.-MT-84-LED-IC-MEKAN-SERIT-LED-scaled.jpg","datePublished":"2024-10-24T17:08:39+00:00","dateModified":"2024-10-31T21:37:30+00:00","breadcrumb":{"@id":"https:\/\/blinkit.com.tr\/urun\/10mm12-24v-1mt-84led-ic-mekan-serit-led\/#breadcrumb"},"inLanguage":"tr","potentialAction":[{"@type":"ReadAction","target":["https:\/\/blinkit.com.tr\/urun\/10mm12-24v-1mt-84led-ic-mekan-serit-led\/"]}]},{"@type":"ImageObject","inLanguage":"tr","@id":"https:\/\/blinkit.com.tr\/urun\/10mm12-24v-1mt-84led-ic-mekan-serit-led\/#primaryimage","url":"https:\/\/blinkit.com.tr\/wp-content\/uploads\/2021\/08\/10MM-12V.-24V.-MT-84-LED-IC-MEKAN-SERIT-LED-scaled.jpg","contentUrl":"https:\/\/blinkit.com.tr\/wp-content\/uploads\/2021\/08\/10MM-12V.-24V.-MT-84-LED-IC-MEKAN-SERIT-LED-scaled.jpg","width":2560,"height":2560},{"@type":"BreadcrumbList","@id":"https:\/\/blinkit.com.tr\/urun\/10mm12-24v-1mt-84led-ic-mekan-serit-led\/#breadcrumb","itemListElement":[{"@type":"ListItem","position":1,"name":"Anasayfa","item":"https:\/\/blinkit.com.tr\/"},{"@type":"ListItem","position":2,"name":"Ma\u011faza","item":"https:\/\/blinkit.com.tr\/?page_id=28881"},{"@type":"ListItem","position":3,"name":"10mm 12\/24V 1mt\/84Led \u0130\u00e7 Mekan \u015eerit Led"}]},{"@type":"WebSite","@id":"https:\/\/blinkit.com.tr\/#website","url":"https:\/\/blinkit.com.tr\/","name":"Blinkit, Bir Mobilya Ayd\u0131nlatma D\u00fcnyas\u0131","description":"Mobilya Ayd\u0131nlatma","publisher":{"@id":"https:\/\/blinkit.com.tr\/#organization"},"potentialAction":[{"@type":"SearchAction","target":{"@type":"EntryPoint","urlTemplate":"https:\/\/blinkit.com.tr\/?s={search_term_string}"},"query-input":{"@type":"PropertyValueSpecification","valueRequired":true,"valueName":"search_term_string"}}],"inLanguage":"tr"},{"@type":"Organization","@id":"https:\/\/blinkit.com.tr\/#organization","name":"Blinkit, Bir Mobilya Ayd\u0131nlatma D\u00fcnyas\u0131","url":"https:\/\/blinkit.com.tr\/","logo":{"@type":"ImageObject","inLanguage":"tr","@id":"https:\/\/blinkit.com.tr\/#\/schema\/logo\/image\/","url":"https:\/\/blinkit.com.tr\/wp-content\/uploads\/2024\/10\/LOGO-png.png","contentUrl":"https:\/\/blinkit.com.tr\/wp-content\/uploads\/2024\/10\/LOGO-png.png","width":236,"height":77,"caption":"Blinkit, Bir Mobilya Ayd\u0131nlatma D\u00fcnyas\u0131"},"image":{"@id":"https:\/\/blinkit.com.tr\/#\/schema\/logo\/image\/"}}]}},"jetpack_sharing_enabled":true,"_links":{"self":[{"href":"https:\/\/blinkit.com.tr\/index.php?rest_route=\/wp\/v2\/product\/28028","targetHints":{"allow":["GET"]}}],"collection":[{"href":"https:\/\/blinkit.com.tr\/index.php?rest_route=\/wp\/v2\/product"}],"about":[{"href":"https:\/\/blinkit.com.tr\/index.php?rest_route=\/wp\/v2\/types\/product"}],"replies":[{"embeddable":true,"href":"https:\/\/blinkit.com.tr\/index.php?rest_route=%2Fwp%2Fv2%2Fcomments&post=28028"}],"version-history":[{"count":2,"href":"https:\/\/blinkit.com.tr\/index.php?rest_route=\/wp\/v2\/product\/28028\/revisions"}],"predecessor-version":[{"id":28041,"href":"https:\/\/blinkit.com.tr\/index.php?rest_route=\/wp\/v2\/product\/28028\/revisions\/28041"}],"wp:featuredmedia":[{"embeddable":true,"href":"https:\/\/blinkit.com.tr\/index.php?rest_route=\/wp\/v2\/media\/28018"}],"wp:attachment":[{"href":"https:\/\/blinkit.com.tr\/index.php?rest_route=%2Fwp%2Fv2%2Fmedia&parent=28028"}],"wp:term":[{"taxonomy":"product_brand","embeddable":true,"href":"https:\/\/blinkit.com.tr\/index.php?rest_route=%2Fwp%2Fv2%2Fproduct_brand&post=28028"},{"taxonomy":"product_cat","embeddable":true,"href":"https:\/\/blinkit.com.tr\/index.php?rest_route=%2Fwp%2Fv2%2Fproduct_cat&post=28028"},{"taxonomy":"product_tag","embeddable":true,"href":"https:\/\/blinkit.com.tr\/index.php?rest_route=%2Fwp%2Fv2%2Fproduct_tag&post=28028"}],"curies":[{"name":"wp","href":"https:\/\/api.w.org\/{rel}","templated":true}]}}