{"id":28172,"date":"2024-10-25T00:31:01","date_gmt":"2024-10-24T21:31:01","guid":{"rendered":"http:\/\/blinkit.com.tr\/?post_type=product&#038;p=28172"},"modified":"2026-01-18T17:48:24","modified_gmt":"2026-01-18T14:48:24","slug":"dokunmatik-ayna-arkasi-on-off-dimmer-sensor-2key","status":"publish","type":"product","link":"https:\/\/blinkit.com.tr\/?product=dokunmatik-ayna-arkasi-on-off-dimmer-sensor-2key","title":{"rendered":"Dokunmatik Ayna Arkas\u0131 On\/Off Dimmer Sens\u00f6r Bu\u011fu \u00c7\u00f6z\u00fcc\u00fcl\u00fc"},"content":{"rendered":"","protected":false},"excerpt":{"rendered":"<p class=\"cvGsUA direction-ltr align-start para-style-body\"><span class=\"OYPEnA font-feature-liga-off font-feature-clig-off font-feature-calt-off text-decoration-none text-strikethrough-none\">Ayna arkas\u0131na monte edilir.<\/span><\/p>\n<p class=\"cvGsUA direction-ltr align-start para-style-body\"><span class=\"OYPEnA font-feature-liga-off font-feature-clig-off font-feature-calt-off text-decoration-none text-strikethrough-none\">A\u00e7ma\/Kapama Dimlenebilir.<\/span><\/p>\n<p class=\"cvGsUA direction-ltr align-start para-style-body\"><span class=\"OYPEnA font-feature-liga-off font-feature-clig-off font-feature-calt-off text-decoration-none text-strikethrough-none\">Bu\u011fu \u00f6nleyici dokunmati\u011fi vard\u0131r.<\/span><\/p>\n<p class=\"cvGsUA direction-ltr align-start para-style-body\"><span class=\"OYPEnA font-feature-liga-off font-feature-clig-off font-feature-calt-off text-decoration-none text-strikethrough-none\">\u00c7al\u0131\u015fma voltaj\u0131 12V, \u00c7\u0131k\u0131\u015f g\u00fcc\u00fc 60watt.<\/span><\/p>\n<p class=\"cvGsUA direction-ltr align-start para-style-body\"><span class=\"OYPEnA font-feature-liga-off font-feature-clig-off font-feature-calt-off text-decoration-none text-strikethrough-none\">Kablo uzunlu\u011fu 15cm<\/span><\/p>\n","protected":false},"featured_media":28794,"comment_status":"closed","ping_status":"closed","template":"","meta":{"_joinchat":[]},"product_brand":[],"product_cat":[76,32],"product_tag":[],"class_list":{"0":"post-28172","1":"product","2":"type-product","3":"status-publish","4":"has-post-thumbnail","6":"product_cat-akilli-ayna-teknolojileri","7":"product_cat-sensorler","9":"first","10":"instock","11":"taxable","12":"shipping-taxable","13":"purchasable","14":"product-type-simple"},"yoast_head":"<!-- This site is optimized with the Yoast SEO plugin v24.2 - https:\/\/yoast.com\/wordpress\/plugins\/seo\/ -->\n<title>Dokunmatik Ayna Arkas\u0131 On\/Off Dimmer Sens\u00f6r Bu\u011fu \u00c7\u00f6z\u00fcc\u00fcl\u00fc - Blinkit, Bir Mobilya Ayd\u0131nlatma D\u00fcnyas\u0131<\/title>\n<meta name=\"robots\" content=\"index, follow, max-snippet:-1, max-image-preview:large, max-video-preview:-1\" \/>\n<link rel=\"canonical\" href=\"https:\/\/blinkit.com.tr\/?product=dokunmatik-ayna-arkasi-on-off-dimmer-sensor-2key\" \/>\n<meta property=\"og:locale\" content=\"tr_TR\" \/>\n<meta property=\"og:type\" content=\"article\" \/>\n<meta property=\"og:title\" content=\"Dokunmatik Ayna Arkas\u0131 On\/Off Dimmer Sens\u00f6r Bu\u011fu \u00c7\u00f6z\u00fcc\u00fcl\u00fc - Blinkit, Bir Mobilya Ayd\u0131nlatma D\u00fcnyas\u0131\" \/>\n<meta property=\"og:description\" content=\"Ayna arkas\u0131na monte edilir. A\u00e7ma\/Kapama Dimlenebilir. Bu\u011fu \u00f6nleyici dokunmati\u011fi vard\u0131r. \u00c7al\u0131\u015fma voltaj\u0131 12V, \u00c7\u0131k\u0131\u015f g\u00fcc\u00fc 60watt. Kablo uzunlu\u011fu 15cm\" \/>\n<meta property=\"og:url\" content=\"https:\/\/blinkit.com.tr\/?product=dokunmatik-ayna-arkasi-on-off-dimmer-sensor-2key\" \/>\n<meta property=\"og:site_name\" content=\"Blinkit, Bir Mobilya Ayd\u0131nlatma D\u00fcnyas\u0131\" \/>\n<meta property=\"article:modified_time\" content=\"2026-01-18T14:48:24+00:00\" \/>\n<meta property=\"og:image\" content=\"https:\/\/blinkit.com.tr\/wp-content\/uploads\/2024\/10\/BSMT-10022-1.jpg\" \/>\n\t<meta property=\"og:image:width\" content=\"1272\" \/>\n\t<meta property=\"og:image:height\" content=\"1150\" \/>\n\t<meta property=\"og:image:type\" content=\"image\/jpeg\" \/>\n<meta name=\"twitter:card\" content=\"summary_large_image\" \/>\n<meta name=\"twitter:label1\" content=\"Tahmini okuma s\u00fcresi\" \/>\n\t<meta name=\"twitter:data1\" content=\"1 dakika\" \/>\n<script type=\"application\/ld+json\" class=\"yoast-schema-graph\">{\"@context\":\"https:\/\/schema.org\",\"@graph\":[{\"@type\":\"WebPage\",\"@id\":\"https:\/\/blinkit.com.tr\/?product=dokunmatik-ayna-arkasi-on-off-dimmer-sensor-2key\",\"url\":\"https:\/\/blinkit.com.tr\/?product=dokunmatik-ayna-arkasi-on-off-dimmer-sensor-2key\",\"name\":\"Dokunmatik Ayna Arkas\u0131 On\/Off Dimmer Sens\u00f6r Bu\u011fu \u00c7\u00f6z\u00fcc\u00fcl\u00fc - Blinkit, Bir Mobilya Ayd\u0131nlatma D\u00fcnyas\u0131\",\"isPartOf\":{\"@id\":\"https:\/\/blinkit.com.tr\/#website\"},\"primaryImageOfPage\":{\"@id\":\"https:\/\/blinkit.com.tr\/?product=dokunmatik-ayna-arkasi-on-off-dimmer-sensor-2key#primaryimage\"},\"image\":{\"@id\":\"https:\/\/blinkit.com.tr\/?product=dokunmatik-ayna-arkasi-on-off-dimmer-sensor-2key#primaryimage\"},\"thumbnailUrl\":\"https:\/\/blinkit.com.tr\/wp-content\/uploads\/2024\/10\/BSMT-10022-1.jpg\",\"datePublished\":\"2024-10-24T21:31:01+00:00\",\"dateModified\":\"2026-01-18T14:48:24+00:00\",\"breadcrumb\":{\"@id\":\"https:\/\/blinkit.com.tr\/?product=dokunmatik-ayna-arkasi-on-off-dimmer-sensor-2key#breadcrumb\"},\"inLanguage\":\"tr\",\"potentialAction\":[{\"@type\":\"ReadAction\",\"target\":[\"https:\/\/blinkit.com.tr\/?product=dokunmatik-ayna-arkasi-on-off-dimmer-sensor-2key\"]}]},{\"@type\":\"ImageObject\",\"inLanguage\":\"tr\",\"@id\":\"https:\/\/blinkit.com.tr\/?product=dokunmatik-ayna-arkasi-on-off-dimmer-sensor-2key#primaryimage\",\"url\":\"https:\/\/blinkit.com.tr\/wp-content\/uploads\/2024\/10\/BSMT-10022-1.jpg\",\"contentUrl\":\"https:\/\/blinkit.com.tr\/wp-content\/uploads\/2024\/10\/BSMT-10022-1.jpg\",\"width\":1272,\"height\":1150},{\"@type\":\"BreadcrumbList\",\"@id\":\"https:\/\/blinkit.com.tr\/?product=dokunmatik-ayna-arkasi-on-off-dimmer-sensor-2key#breadcrumb\",\"itemListElement\":[{\"@type\":\"ListItem\",\"position\":1,\"name\":\"Anasayfa\",\"item\":\"https:\/\/blinkit.com.tr\/\"},{\"@type\":\"ListItem\",\"position\":2,\"name\":\"Ma\u011faza\",\"item\":\"https:\/\/blinkit.com.tr\/?page_id=28881\"},{\"@type\":\"ListItem\",\"position\":3,\"name\":\"Dokunmatik Ayna Arkas\u0131 On\/Off Dimmer Sens\u00f6r Bu\u011fu \u00c7\u00f6z\u00fcc\u00fcl\u00fc\"}]},{\"@type\":\"WebSite\",\"@id\":\"https:\/\/blinkit.com.tr\/#website\",\"url\":\"https:\/\/blinkit.com.tr\/\",\"name\":\"Blinkit, Bir Mobilya Ayd\u0131nlatma D\u00fcnyas\u0131\",\"description\":\"Mobilya Ayd\u0131nlatma\",\"publisher\":{\"@id\":\"https:\/\/blinkit.com.tr\/#organization\"},\"potentialAction\":[{\"@type\":\"SearchAction\",\"target\":{\"@type\":\"EntryPoint\",\"urlTemplate\":\"https:\/\/blinkit.com.tr\/?s={search_term_string}\"},\"query-input\":{\"@type\":\"PropertyValueSpecification\",\"valueRequired\":true,\"valueName\":\"search_term_string\"}}],\"inLanguage\":\"tr\"},{\"@type\":\"Organization\",\"@id\":\"https:\/\/blinkit.com.tr\/#organization\",\"name\":\"Blinkit, Bir Mobilya Ayd\u0131nlatma D\u00fcnyas\u0131\",\"url\":\"https:\/\/blinkit.com.tr\/\",\"logo\":{\"@type\":\"ImageObject\",\"inLanguage\":\"tr\",\"@id\":\"https:\/\/blinkit.com.tr\/#\/schema\/logo\/image\/\",\"url\":\"https:\/\/blinkit.com.tr\/wp-content\/uploads\/2024\/10\/LOGO-png.png\",\"contentUrl\":\"https:\/\/blinkit.com.tr\/wp-content\/uploads\/2024\/10\/LOGO-png.png\",\"width\":236,\"height\":77,\"caption\":\"Blinkit, Bir Mobilya Ayd\u0131nlatma D\u00fcnyas\u0131\"},\"image\":{\"@id\":\"https:\/\/blinkit.com.tr\/#\/schema\/logo\/image\/\"}}]}<\/script>\n<!-- \/ Yoast SEO plugin. -->","yoast_head_json":{"title":"Dokunmatik Ayna Arkas\u0131 On\/Off Dimmer Sens\u00f6r Bu\u011fu \u00c7\u00f6z\u00fcc\u00fcl\u00fc - Blinkit, Bir Mobilya Ayd\u0131nlatma D\u00fcnyas\u0131","robots":{"index":"index","follow":"follow","max-snippet":"max-snippet:-1","max-image-preview":"max-image-preview:large","max-video-preview":"max-video-preview:-1"},"canonical":"https:\/\/blinkit.com.tr\/?product=dokunmatik-ayna-arkasi-on-off-dimmer-sensor-2key","og_locale":"tr_TR","og_type":"article","og_title":"Dokunmatik Ayna Arkas\u0131 On\/Off Dimmer Sens\u00f6r Bu\u011fu \u00c7\u00f6z\u00fcc\u00fcl\u00fc - Blinkit, Bir Mobilya Ayd\u0131nlatma D\u00fcnyas\u0131","og_description":"Ayna arkas\u0131na monte edilir. A\u00e7ma\/Kapama Dimlenebilir. Bu\u011fu \u00f6nleyici dokunmati\u011fi vard\u0131r. \u00c7al\u0131\u015fma voltaj\u0131 12V, \u00c7\u0131k\u0131\u015f g\u00fcc\u00fc 60watt. Kablo uzunlu\u011fu 15cm","og_url":"https:\/\/blinkit.com.tr\/?product=dokunmatik-ayna-arkasi-on-off-dimmer-sensor-2key","og_site_name":"Blinkit, Bir Mobilya Ayd\u0131nlatma D\u00fcnyas\u0131","article_modified_time":"2026-01-18T14:48:24+00:00","og_image":[{"width":1272,"height":1150,"url":"https:\/\/blinkit.com.tr\/wp-content\/uploads\/2024\/10\/BSMT-10022-1.jpg","type":"image\/jpeg"}],"twitter_card":"summary_large_image","twitter_misc":{"Tahmini okuma s\u00fcresi":"1 dakika"},"schema":{"@context":"https:\/\/schema.org","@graph":[{"@type":"WebPage","@id":"https:\/\/blinkit.com.tr\/?product=dokunmatik-ayna-arkasi-on-off-dimmer-sensor-2key","url":"https:\/\/blinkit.com.tr\/?product=dokunmatik-ayna-arkasi-on-off-dimmer-sensor-2key","name":"Dokunmatik Ayna Arkas\u0131 On\/Off Dimmer Sens\u00f6r Bu\u011fu \u00c7\u00f6z\u00fcc\u00fcl\u00fc - Blinkit, Bir Mobilya Ayd\u0131nlatma D\u00fcnyas\u0131","isPartOf":{"@id":"https:\/\/blinkit.com.tr\/#website"},"primaryImageOfPage":{"@id":"https:\/\/blinkit.com.tr\/?product=dokunmatik-ayna-arkasi-on-off-dimmer-sensor-2key#primaryimage"},"image":{"@id":"https:\/\/blinkit.com.tr\/?product=dokunmatik-ayna-arkasi-on-off-dimmer-sensor-2key#primaryimage"},"thumbnailUrl":"https:\/\/blinkit.com.tr\/wp-content\/uploads\/2024\/10\/BSMT-10022-1.jpg","datePublished":"2024-10-24T21:31:01+00:00","dateModified":"2026-01-18T14:48:24+00:00","breadcrumb":{"@id":"https:\/\/blinkit.com.tr\/?product=dokunmatik-ayna-arkasi-on-off-dimmer-sensor-2key#breadcrumb"},"inLanguage":"tr","potentialAction":[{"@type":"ReadAction","target":["https:\/\/blinkit.com.tr\/?product=dokunmatik-ayna-arkasi-on-off-dimmer-sensor-2key"]}]},{"@type":"ImageObject","inLanguage":"tr","@id":"https:\/\/blinkit.com.tr\/?product=dokunmatik-ayna-arkasi-on-off-dimmer-sensor-2key#primaryimage","url":"https:\/\/blinkit.com.tr\/wp-content\/uploads\/2024\/10\/BSMT-10022-1.jpg","contentUrl":"https:\/\/blinkit.com.tr\/wp-content\/uploads\/2024\/10\/BSMT-10022-1.jpg","width":1272,"height":1150},{"@type":"BreadcrumbList","@id":"https:\/\/blinkit.com.tr\/?product=dokunmatik-ayna-arkasi-on-off-dimmer-sensor-2key#breadcrumb","itemListElement":[{"@type":"ListItem","position":1,"name":"Anasayfa","item":"https:\/\/blinkit.com.tr\/"},{"@type":"ListItem","position":2,"name":"Ma\u011faza","item":"https:\/\/blinkit.com.tr\/?page_id=28881"},{"@type":"ListItem","position":3,"name":"Dokunmatik Ayna Arkas\u0131 On\/Off Dimmer Sens\u00f6r Bu\u011fu \u00c7\u00f6z\u00fcc\u00fcl\u00fc"}]},{"@type":"WebSite","@id":"https:\/\/blinkit.com.tr\/#website","url":"https:\/\/blinkit.com.tr\/","name":"Blinkit, Bir Mobilya Ayd\u0131nlatma D\u00fcnyas\u0131","description":"Mobilya Ayd\u0131nlatma","publisher":{"@id":"https:\/\/blinkit.com.tr\/#organization"},"potentialAction":[{"@type":"SearchAction","target":{"@type":"EntryPoint","urlTemplate":"https:\/\/blinkit.com.tr\/?s={search_term_string}"},"query-input":{"@type":"PropertyValueSpecification","valueRequired":true,"valueName":"search_term_string"}}],"inLanguage":"tr"},{"@type":"Organization","@id":"https:\/\/blinkit.com.tr\/#organization","name":"Blinkit, Bir Mobilya Ayd\u0131nlatma D\u00fcnyas\u0131","url":"https:\/\/blinkit.com.tr\/","logo":{"@type":"ImageObject","inLanguage":"tr","@id":"https:\/\/blinkit.com.tr\/#\/schema\/logo\/image\/","url":"https:\/\/blinkit.com.tr\/wp-content\/uploads\/2024\/10\/LOGO-png.png","contentUrl":"https:\/\/blinkit.com.tr\/wp-content\/uploads\/2024\/10\/LOGO-png.png","width":236,"height":77,"caption":"Blinkit, Bir Mobilya Ayd\u0131nlatma D\u00fcnyas\u0131"},"image":{"@id":"https:\/\/blinkit.com.tr\/#\/schema\/logo\/image\/"}}]}},"jetpack_sharing_enabled":true,"_links":{"self":[{"href":"https:\/\/blinkit.com.tr\/index.php?rest_route=\/wp\/v2\/product\/28172","targetHints":{"allow":["GET"]}}],"collection":[{"href":"https:\/\/blinkit.com.tr\/index.php?rest_route=\/wp\/v2\/product"}],"about":[{"href":"https:\/\/blinkit.com.tr\/index.php?rest_route=\/wp\/v2\/types\/product"}],"replies":[{"embeddable":true,"href":"https:\/\/blinkit.com.tr\/index.php?rest_route=%2Fwp%2Fv2%2Fcomments&post=28172"}],"version-history":[{"count":3,"href":"https:\/\/blinkit.com.tr\/index.php?rest_route=\/wp\/v2\/product\/28172\/revisions"}],"predecessor-version":[{"id":28739,"href":"https:\/\/blinkit.com.tr\/index.php?rest_route=\/wp\/v2\/product\/28172\/revisions\/28739"}],"wp:featuredmedia":[{"embeddable":true,"href":"https:\/\/blinkit.com.tr\/index.php?rest_route=\/wp\/v2\/media\/28794"}],"wp:attachment":[{"href":"https:\/\/blinkit.com.tr\/index.php?rest_route=%2Fwp%2Fv2%2Fmedia&parent=28172"}],"wp:term":[{"taxonomy":"product_brand","embeddable":true,"href":"https:\/\/blinkit.com.tr\/index.php?rest_route=%2Fwp%2Fv2%2Fproduct_brand&post=28172"},{"taxonomy":"product_cat","embeddable":true,"href":"https:\/\/blinkit.com.tr\/index.php?rest_route=%2Fwp%2Fv2%2Fproduct_cat&post=28172"},{"taxonomy":"product_tag","embeddable":true,"href":"https:\/\/blinkit.com.tr\/index.php?rest_route=%2Fwp%2Fv2%2Fproduct_tag&post=28172"}],"curies":[{"name":"wp","href":"https:\/\/api.w.org\/{rel}","templated":true}]}}