{"id":28188,"date":"2024-10-25T00:56:33","date_gmt":"2024-10-24T21:56:33","guid":{"rendered":"http:\/\/blinkit.com.tr\/?post_type=product&#038;p=28188"},"modified":"2024-10-25T01:00:50","modified_gmt":"2024-10-24T22:00:50","slug":"antenli-3k-dokunmatik-dimmer-sensor","status":"publish","type":"product","link":"https:\/\/blinkit.com.tr\/?product=antenli-3k-dokunmatik-dimmer-sensor","title":{"rendered":"Antenli 3K Dokunmatik Dimmer Sens\u00f6r"},"content":{"rendered":"","protected":false},"excerpt":{"rendered":"","protected":false},"featured_media":28102,"comment_status":"closed","ping_status":"closed","template":"","meta":{"_joinchat":[]},"product_brand":[],"product_cat":[32],"product_tag":[],"class_list":{"0":"post-28188","1":"product","2":"type-product","3":"status-publish","4":"has-post-thumbnail","6":"product_cat-sensorler","8":"first","9":"instock","10":"taxable","11":"shipping-taxable","12":"product-type-grouped"},"yoast_head":"<!-- This site is optimized with the Yoast SEO plugin v24.2 - https:\/\/yoast.com\/wordpress\/plugins\/seo\/ -->\n<title>Antenli 3K Dokunmatik Dimmer Sens\u00f6r - Blinkit, Bir Mobilya Ayd\u0131nlatma D\u00fcnyas\u0131<\/title>\n<meta name=\"robots\" content=\"index, follow, max-snippet:-1, max-image-preview:large, max-video-preview:-1\" \/>\n<link rel=\"canonical\" href=\"https:\/\/blinkit.com.tr\/urun\/antenli-3k-dokunmatik-dimmer-sensor\/\" \/>\n<meta property=\"og:locale\" content=\"tr_TR\" \/>\n<meta property=\"og:type\" content=\"article\" \/>\n<meta property=\"og:title\" content=\"Antenli 3K Dokunmatik Dimmer Sens\u00f6r - Blinkit, Bir Mobilya Ayd\u0131nlatma D\u00fcnyas\u0131\" \/>\n<meta property=\"og:url\" content=\"https:\/\/blinkit.com.tr\/urun\/antenli-3k-dokunmatik-dimmer-sensor\/\" \/>\n<meta property=\"og:site_name\" content=\"Blinkit, Bir Mobilya Ayd\u0131nlatma D\u00fcnyas\u0131\" \/>\n<meta property=\"article:modified_time\" content=\"2024-10-24T22:00:50+00:00\" \/>\n<meta property=\"og:image\" content=\"https:\/\/blinkit.com.tr\/wp-content\/uploads\/2021\/08\/ANTENLI-3K-ON-OFF-DIMMER-DOKUNMATIK-SENSOR-scaled.jpg\" \/>\n\t<meta property=\"og:image:width\" content=\"2560\" \/>\n\t<meta property=\"og:image:height\" content=\"2560\" \/>\n\t<meta property=\"og:image:type\" content=\"image\/jpeg\" \/>\n<meta name=\"twitter:card\" content=\"summary_large_image\" \/>\n<script type=\"application\/ld+json\" class=\"yoast-schema-graph\">{\"@context\":\"https:\/\/schema.org\",\"@graph\":[{\"@type\":\"WebPage\",\"@id\":\"https:\/\/blinkit.com.tr\/urun\/antenli-3k-dokunmatik-dimmer-sensor\/\",\"url\":\"https:\/\/blinkit.com.tr\/urun\/antenli-3k-dokunmatik-dimmer-sensor\/\",\"name\":\"Antenli 3K Dokunmatik Dimmer Sens\u00f6r - Blinkit, Bir Mobilya Ayd\u0131nlatma D\u00fcnyas\u0131\",\"isPartOf\":{\"@id\":\"https:\/\/blinkit.com.tr\/#website\"},\"primaryImageOfPage\":{\"@id\":\"https:\/\/blinkit.com.tr\/urun\/antenli-3k-dokunmatik-dimmer-sensor\/#primaryimage\"},\"image\":{\"@id\":\"https:\/\/blinkit.com.tr\/urun\/antenli-3k-dokunmatik-dimmer-sensor\/#primaryimage\"},\"thumbnailUrl\":\"https:\/\/blinkit.com.tr\/wp-content\/uploads\/2021\/08\/ANTENLI-3K-ON-OFF-DIMMER-DOKUNMATIK-SENSOR-scaled.jpg\",\"datePublished\":\"2024-10-24T21:56:33+00:00\",\"dateModified\":\"2024-10-24T22:00:50+00:00\",\"breadcrumb\":{\"@id\":\"https:\/\/blinkit.com.tr\/urun\/antenli-3k-dokunmatik-dimmer-sensor\/#breadcrumb\"},\"inLanguage\":\"tr\",\"potentialAction\":[{\"@type\":\"ReadAction\",\"target\":[\"https:\/\/blinkit.com.tr\/urun\/antenli-3k-dokunmatik-dimmer-sensor\/\"]}]},{\"@type\":\"ImageObject\",\"inLanguage\":\"tr\",\"@id\":\"https:\/\/blinkit.com.tr\/urun\/antenli-3k-dokunmatik-dimmer-sensor\/#primaryimage\",\"url\":\"https:\/\/blinkit.com.tr\/wp-content\/uploads\/2021\/08\/ANTENLI-3K-ON-OFF-DIMMER-DOKUNMATIK-SENSOR-scaled.jpg\",\"contentUrl\":\"https:\/\/blinkit.com.tr\/wp-content\/uploads\/2021\/08\/ANTENLI-3K-ON-OFF-DIMMER-DOKUNMATIK-SENSOR-scaled.jpg\",\"width\":2560,\"height\":2560},{\"@type\":\"BreadcrumbList\",\"@id\":\"https:\/\/blinkit.com.tr\/urun\/antenli-3k-dokunmatik-dimmer-sensor\/#breadcrumb\",\"itemListElement\":[{\"@type\":\"ListItem\",\"position\":1,\"name\":\"Anasayfa\",\"item\":\"https:\/\/blinkit.com.tr\/\"},{\"@type\":\"ListItem\",\"position\":2,\"name\":\"Ma\u011faza\",\"item\":\"https:\/\/blinkit.com.tr\/?page_id=28881\"},{\"@type\":\"ListItem\",\"position\":3,\"name\":\"Antenli 3K Dokunmatik Dimmer Sens\u00f6r\"}]},{\"@type\":\"WebSite\",\"@id\":\"https:\/\/blinkit.com.tr\/#website\",\"url\":\"https:\/\/blinkit.com.tr\/\",\"name\":\"Blinkit, Bir Mobilya Ayd\u0131nlatma D\u00fcnyas\u0131\",\"description\":\"Mobilya Ayd\u0131nlatma\",\"publisher\":{\"@id\":\"https:\/\/blinkit.com.tr\/#organization\"},\"potentialAction\":[{\"@type\":\"SearchAction\",\"target\":{\"@type\":\"EntryPoint\",\"urlTemplate\":\"https:\/\/blinkit.com.tr\/?s={search_term_string}\"},\"query-input\":{\"@type\":\"PropertyValueSpecification\",\"valueRequired\":true,\"valueName\":\"search_term_string\"}}],\"inLanguage\":\"tr\"},{\"@type\":\"Organization\",\"@id\":\"https:\/\/blinkit.com.tr\/#organization\",\"name\":\"Blinkit, Bir Mobilya Ayd\u0131nlatma D\u00fcnyas\u0131\",\"url\":\"https:\/\/blinkit.com.tr\/\",\"logo\":{\"@type\":\"ImageObject\",\"inLanguage\":\"tr\",\"@id\":\"https:\/\/blinkit.com.tr\/#\/schema\/logo\/image\/\",\"url\":\"https:\/\/blinkit.com.tr\/wp-content\/uploads\/2024\/10\/LOGO-png.png\",\"contentUrl\":\"https:\/\/blinkit.com.tr\/wp-content\/uploads\/2024\/10\/LOGO-png.png\",\"width\":236,\"height\":77,\"caption\":\"Blinkit, Bir Mobilya Ayd\u0131nlatma D\u00fcnyas\u0131\"},\"image\":{\"@id\":\"https:\/\/blinkit.com.tr\/#\/schema\/logo\/image\/\"}}]}<\/script>\n<!-- \/ Yoast SEO plugin. -->","yoast_head_json":{"title":"Antenli 3K Dokunmatik Dimmer Sens\u00f6r - Blinkit, Bir Mobilya Ayd\u0131nlatma D\u00fcnyas\u0131","robots":{"index":"index","follow":"follow","max-snippet":"max-snippet:-1","max-image-preview":"max-image-preview:large","max-video-preview":"max-video-preview:-1"},"canonical":"https:\/\/blinkit.com.tr\/urun\/antenli-3k-dokunmatik-dimmer-sensor\/","og_locale":"tr_TR","og_type":"article","og_title":"Antenli 3K Dokunmatik Dimmer Sens\u00f6r - Blinkit, Bir Mobilya Ayd\u0131nlatma D\u00fcnyas\u0131","og_url":"https:\/\/blinkit.com.tr\/urun\/antenli-3k-dokunmatik-dimmer-sensor\/","og_site_name":"Blinkit, Bir Mobilya Ayd\u0131nlatma D\u00fcnyas\u0131","article_modified_time":"2024-10-24T22:00:50+00:00","og_image":[{"width":2560,"height":2560,"url":"https:\/\/blinkit.com.tr\/wp-content\/uploads\/2021\/08\/ANTENLI-3K-ON-OFF-DIMMER-DOKUNMATIK-SENSOR-scaled.jpg","type":"image\/jpeg"}],"twitter_card":"summary_large_image","schema":{"@context":"https:\/\/schema.org","@graph":[{"@type":"WebPage","@id":"https:\/\/blinkit.com.tr\/urun\/antenli-3k-dokunmatik-dimmer-sensor\/","url":"https:\/\/blinkit.com.tr\/urun\/antenli-3k-dokunmatik-dimmer-sensor\/","name":"Antenli 3K Dokunmatik Dimmer Sens\u00f6r - Blinkit, Bir Mobilya Ayd\u0131nlatma D\u00fcnyas\u0131","isPartOf":{"@id":"https:\/\/blinkit.com.tr\/#website"},"primaryImageOfPage":{"@id":"https:\/\/blinkit.com.tr\/urun\/antenli-3k-dokunmatik-dimmer-sensor\/#primaryimage"},"image":{"@id":"https:\/\/blinkit.com.tr\/urun\/antenli-3k-dokunmatik-dimmer-sensor\/#primaryimage"},"thumbnailUrl":"https:\/\/blinkit.com.tr\/wp-content\/uploads\/2021\/08\/ANTENLI-3K-ON-OFF-DIMMER-DOKUNMATIK-SENSOR-scaled.jpg","datePublished":"2024-10-24T21:56:33+00:00","dateModified":"2024-10-24T22:00:50+00:00","breadcrumb":{"@id":"https:\/\/blinkit.com.tr\/urun\/antenli-3k-dokunmatik-dimmer-sensor\/#breadcrumb"},"inLanguage":"tr","potentialAction":[{"@type":"ReadAction","target":["https:\/\/blinkit.com.tr\/urun\/antenli-3k-dokunmatik-dimmer-sensor\/"]}]},{"@type":"ImageObject","inLanguage":"tr","@id":"https:\/\/blinkit.com.tr\/urun\/antenli-3k-dokunmatik-dimmer-sensor\/#primaryimage","url":"https:\/\/blinkit.com.tr\/wp-content\/uploads\/2021\/08\/ANTENLI-3K-ON-OFF-DIMMER-DOKUNMATIK-SENSOR-scaled.jpg","contentUrl":"https:\/\/blinkit.com.tr\/wp-content\/uploads\/2021\/08\/ANTENLI-3K-ON-OFF-DIMMER-DOKUNMATIK-SENSOR-scaled.jpg","width":2560,"height":2560},{"@type":"BreadcrumbList","@id":"https:\/\/blinkit.com.tr\/urun\/antenli-3k-dokunmatik-dimmer-sensor\/#breadcrumb","itemListElement":[{"@type":"ListItem","position":1,"name":"Anasayfa","item":"https:\/\/blinkit.com.tr\/"},{"@type":"ListItem","position":2,"name":"Ma\u011faza","item":"https:\/\/blinkit.com.tr\/?page_id=28881"},{"@type":"ListItem","position":3,"name":"Antenli 3K Dokunmatik Dimmer Sens\u00f6r"}]},{"@type":"WebSite","@id":"https:\/\/blinkit.com.tr\/#website","url":"https:\/\/blinkit.com.tr\/","name":"Blinkit, Bir Mobilya Ayd\u0131nlatma D\u00fcnyas\u0131","description":"Mobilya Ayd\u0131nlatma","publisher":{"@id":"https:\/\/blinkit.com.tr\/#organization"},"potentialAction":[{"@type":"SearchAction","target":{"@type":"EntryPoint","urlTemplate":"https:\/\/blinkit.com.tr\/?s={search_term_string}"},"query-input":{"@type":"PropertyValueSpecification","valueRequired":true,"valueName":"search_term_string"}}],"inLanguage":"tr"},{"@type":"Organization","@id":"https:\/\/blinkit.com.tr\/#organization","name":"Blinkit, Bir Mobilya Ayd\u0131nlatma D\u00fcnyas\u0131","url":"https:\/\/blinkit.com.tr\/","logo":{"@type":"ImageObject","inLanguage":"tr","@id":"https:\/\/blinkit.com.tr\/#\/schema\/logo\/image\/","url":"https:\/\/blinkit.com.tr\/wp-content\/uploads\/2024\/10\/LOGO-png.png","contentUrl":"https:\/\/blinkit.com.tr\/wp-content\/uploads\/2024\/10\/LOGO-png.png","width":236,"height":77,"caption":"Blinkit, Bir Mobilya Ayd\u0131nlatma D\u00fcnyas\u0131"},"image":{"@id":"https:\/\/blinkit.com.tr\/#\/schema\/logo\/image\/"}}]}},"jetpack_sharing_enabled":true,"_links":{"self":[{"href":"https:\/\/blinkit.com.tr\/index.php?rest_route=\/wp\/v2\/product\/28188","targetHints":{"allow":["GET"]}}],"collection":[{"href":"https:\/\/blinkit.com.tr\/index.php?rest_route=\/wp\/v2\/product"}],"about":[{"href":"https:\/\/blinkit.com.tr\/index.php?rest_route=\/wp\/v2\/types\/product"}],"replies":[{"embeddable":true,"href":"https:\/\/blinkit.com.tr\/index.php?rest_route=%2Fwp%2Fv2%2Fcomments&post=28188"}],"version-history":[{"count":1,"href":"https:\/\/blinkit.com.tr\/index.php?rest_route=\/wp\/v2\/product\/28188\/revisions"}],"predecessor-version":[{"id":28189,"href":"https:\/\/blinkit.com.tr\/index.php?rest_route=\/wp\/v2\/product\/28188\/revisions\/28189"}],"wp:featuredmedia":[{"embeddable":true,"href":"https:\/\/blinkit.com.tr\/index.php?rest_route=\/wp\/v2\/media\/28102"}],"wp:attachment":[{"href":"https:\/\/blinkit.com.tr\/index.php?rest_route=%2Fwp%2Fv2%2Fmedia&parent=28188"}],"wp:term":[{"taxonomy":"product_brand","embeddable":true,"href":"https:\/\/blinkit.com.tr\/index.php?rest_route=%2Fwp%2Fv2%2Fproduct_brand&post=28188"},{"taxonomy":"product_cat","embeddable":true,"href":"https:\/\/blinkit.com.tr\/index.php?rest_route=%2Fwp%2Fv2%2Fproduct_cat&post=28188"},{"taxonomy":"product_tag","embeddable":true,"href":"https:\/\/blinkit.com.tr\/index.php?rest_route=%2Fwp%2Fv2%2Fproduct_tag&post=28188"}],"curies":[{"name":"wp","href":"https:\/\/api.w.org\/{rel}","templated":true}]}}