{"id":28762,"date":"2025-08-10T01:12:44","date_gmt":"2025-08-09T22:12:44","guid":{"rendered":"https:\/\/blinkit.com.tr\/?post_type=product&#038;p=28762"},"modified":"2026-01-18T19:13:37","modified_gmt":"2026-01-18T16:13:37","slug":"bugu-onleyiciler","status":"publish","type":"product","link":"https:\/\/blinkit.com.tr\/?product=bugu-onleyiciler","title":{"rendered":"BU\u011eU \u00d6NLEY\u0130C\u0130LER"},"content":{"rendered":"","protected":false},"excerpt":{"rendered":"<p class=\"cvGsUA direction-ltr align-start para-style-body\"><span class=\"OYPEnA font-feature-liga-off font-feature-clig-off font-feature-calt-off text-decoration-none text-strikethrough-none\">Aynadaki bu\u011fuyu \u00e7\u00f6zmek i\u00e7in ayna arkas\u0131na yap\u0131\u015ft\u0131r\u0131lan rezistanslard\u0131r. Kontrolleri dokunmatik sens\u00f6rler vas\u0131tas\u0131 ile yap\u0131l\u0131r.<\/span><\/p>\n<p>220v\u00a0 ile \u00e7al\u0131\u015f\u0131r.<\/p>\n<p>20cmX30cm, 30cmX40cm, 40cmX60cm \u00f6l\u00e7\u00fcleri mevcuttur.<\/p>\n","protected":false},"featured_media":28911,"comment_status":"closed","ping_status":"closed","template":"","meta":{"_joinchat":[]},"product_brand":[],"product_cat":[76,77],"product_tag":[],"class_list":{"0":"post-28762","1":"product","2":"type-product","3":"status-publish","4":"has-post-thumbnail","6":"product_cat-akilli-ayna-teknolojileri","7":"product_cat-bugu-onleyiciler","8":"pa_olcu-20cmx30cm","9":"pa_olcu-30cmx40cm","10":"pa_olcu-40cmx60cm","12":"first","13":"instock","14":"taxable","15":"shipping-taxable","16":"purchasable","17":"product-type-variable","18":"has-default-attributes"},"yoast_head":"<!-- This site is optimized with the Yoast SEO plugin v24.2 - https:\/\/yoast.com\/wordpress\/plugins\/seo\/ -->\n<title>BU\u011eU \u00d6NLEY\u0130C\u0130LER - Blinkit, Bir Mobilya Ayd\u0131nlatma D\u00fcnyas\u0131<\/title>\n<meta name=\"robots\" content=\"index, follow, max-snippet:-1, max-image-preview:large, max-video-preview:-1\" \/>\n<link rel=\"canonical\" href=\"https:\/\/blinkit.com.tr\/?product=bugu-onleyiciler\" \/>\n<meta property=\"og:locale\" content=\"tr_TR\" \/>\n<meta property=\"og:type\" content=\"article\" \/>\n<meta property=\"og:title\" content=\"BU\u011eU \u00d6NLEY\u0130C\u0130LER - Blinkit, Bir Mobilya Ayd\u0131nlatma D\u00fcnyas\u0131\" \/>\n<meta property=\"og:description\" content=\"Aynadaki bu\u011fuyu \u00e7\u00f6zmek i\u00e7in ayna arkas\u0131na yap\u0131\u015ft\u0131r\u0131lan rezistanslard\u0131r. Kontrolleri dokunmatik sens\u00f6rler vas\u0131tas\u0131 ile yap\u0131l\u0131r. 220v\u00a0 ile \u00e7al\u0131\u015f\u0131r.  20cmX30cm, 30cmX40cm, 40cmX60cm \u00f6l\u00e7\u00fcleri mevcuttur.\" \/>\n<meta property=\"og:url\" content=\"https:\/\/blinkit.com.tr\/?product=bugu-onleyiciler\" \/>\n<meta property=\"og:site_name\" content=\"Blinkit, Bir Mobilya Ayd\u0131nlatma D\u00fcnyas\u0131\" \/>\n<meta property=\"article:modified_time\" content=\"2026-01-18T16:13:37+00:00\" \/>\n<meta property=\"og:image\" content=\"https:\/\/blinkit.com.tr\/wp-content\/uploads\/2025\/08\/defogger1.png\" \/>\n\t<meta property=\"og:image:width\" content=\"861\" \/>\n\t<meta property=\"og:image:height\" content=\"859\" \/>\n\t<meta property=\"og:image:type\" content=\"image\/png\" \/>\n<meta name=\"twitter:card\" content=\"summary_large_image\" \/>\n<meta name=\"twitter:label1\" content=\"Tahmini okuma s\u00fcresi\" \/>\n\t<meta name=\"twitter:data1\" content=\"1 dakika\" \/>\n<script type=\"application\/ld+json\" class=\"yoast-schema-graph\">{\"@context\":\"https:\/\/schema.org\",\"@graph\":[{\"@type\":\"WebPage\",\"@id\":\"https:\/\/blinkit.com.tr\/?product=bugu-onleyiciler\",\"url\":\"https:\/\/blinkit.com.tr\/?product=bugu-onleyiciler\",\"name\":\"BU\u011eU \u00d6NLEY\u0130C\u0130LER - Blinkit, Bir Mobilya Ayd\u0131nlatma D\u00fcnyas\u0131\",\"isPartOf\":{\"@id\":\"https:\/\/blinkit.com.tr\/#website\"},\"primaryImageOfPage\":{\"@id\":\"https:\/\/blinkit.com.tr\/?product=bugu-onleyiciler#primaryimage\"},\"image\":{\"@id\":\"https:\/\/blinkit.com.tr\/?product=bugu-onleyiciler#primaryimage\"},\"thumbnailUrl\":\"https:\/\/blinkit.com.tr\/wp-content\/uploads\/2025\/08\/defogger1.png\",\"datePublished\":\"2025-08-09T22:12:44+00:00\",\"dateModified\":\"2026-01-18T16:13:37+00:00\",\"breadcrumb\":{\"@id\":\"https:\/\/blinkit.com.tr\/?product=bugu-onleyiciler#breadcrumb\"},\"inLanguage\":\"tr\",\"potentialAction\":[{\"@type\":\"ReadAction\",\"target\":[\"https:\/\/blinkit.com.tr\/?product=bugu-onleyiciler\"]}]},{\"@type\":\"ImageObject\",\"inLanguage\":\"tr\",\"@id\":\"https:\/\/blinkit.com.tr\/?product=bugu-onleyiciler#primaryimage\",\"url\":\"https:\/\/blinkit.com.tr\/wp-content\/uploads\/2025\/08\/defogger1.png\",\"contentUrl\":\"https:\/\/blinkit.com.tr\/wp-content\/uploads\/2025\/08\/defogger1.png\",\"width\":861,\"height\":859},{\"@type\":\"BreadcrumbList\",\"@id\":\"https:\/\/blinkit.com.tr\/?product=bugu-onleyiciler#breadcrumb\",\"itemListElement\":[{\"@type\":\"ListItem\",\"position\":1,\"name\":\"Anasayfa\",\"item\":\"https:\/\/blinkit.com.tr\/\"},{\"@type\":\"ListItem\",\"position\":2,\"name\":\"Ma\u011faza\",\"item\":\"https:\/\/blinkit.com.tr\/?page_id=28881\"},{\"@type\":\"ListItem\",\"position\":3,\"name\":\"BU\u011eU \u00d6NLEY\u0130C\u0130LER\"}]},{\"@type\":\"WebSite\",\"@id\":\"https:\/\/blinkit.com.tr\/#website\",\"url\":\"https:\/\/blinkit.com.tr\/\",\"name\":\"Blinkit, Bir Mobilya Ayd\u0131nlatma D\u00fcnyas\u0131\",\"description\":\"Mobilya Ayd\u0131nlatma\",\"publisher\":{\"@id\":\"https:\/\/blinkit.com.tr\/#organization\"},\"potentialAction\":[{\"@type\":\"SearchAction\",\"target\":{\"@type\":\"EntryPoint\",\"urlTemplate\":\"https:\/\/blinkit.com.tr\/?s={search_term_string}\"},\"query-input\":{\"@type\":\"PropertyValueSpecification\",\"valueRequired\":true,\"valueName\":\"search_term_string\"}}],\"inLanguage\":\"tr\"},{\"@type\":\"Organization\",\"@id\":\"https:\/\/blinkit.com.tr\/#organization\",\"name\":\"Blinkit, Bir Mobilya Ayd\u0131nlatma D\u00fcnyas\u0131\",\"url\":\"https:\/\/blinkit.com.tr\/\",\"logo\":{\"@type\":\"ImageObject\",\"inLanguage\":\"tr\",\"@id\":\"https:\/\/blinkit.com.tr\/#\/schema\/logo\/image\/\",\"url\":\"https:\/\/blinkit.com.tr\/wp-content\/uploads\/2024\/10\/LOGO-png.png\",\"contentUrl\":\"https:\/\/blinkit.com.tr\/wp-content\/uploads\/2024\/10\/LOGO-png.png\",\"width\":236,\"height\":77,\"caption\":\"Blinkit, Bir Mobilya Ayd\u0131nlatma D\u00fcnyas\u0131\"},\"image\":{\"@id\":\"https:\/\/blinkit.com.tr\/#\/schema\/logo\/image\/\"}}]}<\/script>\n<!-- \/ Yoast SEO plugin. -->","yoast_head_json":{"title":"BU\u011eU \u00d6NLEY\u0130C\u0130LER - Blinkit, Bir Mobilya Ayd\u0131nlatma D\u00fcnyas\u0131","robots":{"index":"index","follow":"follow","max-snippet":"max-snippet:-1","max-image-preview":"max-image-preview:large","max-video-preview":"max-video-preview:-1"},"canonical":"https:\/\/blinkit.com.tr\/?product=bugu-onleyiciler","og_locale":"tr_TR","og_type":"article","og_title":"BU\u011eU \u00d6NLEY\u0130C\u0130LER - Blinkit, Bir Mobilya Ayd\u0131nlatma D\u00fcnyas\u0131","og_description":"Aynadaki bu\u011fuyu \u00e7\u00f6zmek i\u00e7in ayna arkas\u0131na yap\u0131\u015ft\u0131r\u0131lan rezistanslard\u0131r. Kontrolleri dokunmatik sens\u00f6rler vas\u0131tas\u0131 ile yap\u0131l\u0131r. 220v\u00a0 ile \u00e7al\u0131\u015f\u0131r.  20cmX30cm, 30cmX40cm, 40cmX60cm \u00f6l\u00e7\u00fcleri mevcuttur.","og_url":"https:\/\/blinkit.com.tr\/?product=bugu-onleyiciler","og_site_name":"Blinkit, Bir Mobilya Ayd\u0131nlatma D\u00fcnyas\u0131","article_modified_time":"2026-01-18T16:13:37+00:00","og_image":[{"width":861,"height":859,"url":"https:\/\/blinkit.com.tr\/wp-content\/uploads\/2025\/08\/defogger1.png","type":"image\/png"}],"twitter_card":"summary_large_image","twitter_misc":{"Tahmini okuma s\u00fcresi":"1 dakika"},"schema":{"@context":"https:\/\/schema.org","@graph":[{"@type":"WebPage","@id":"https:\/\/blinkit.com.tr\/?product=bugu-onleyiciler","url":"https:\/\/blinkit.com.tr\/?product=bugu-onleyiciler","name":"BU\u011eU \u00d6NLEY\u0130C\u0130LER - Blinkit, Bir Mobilya Ayd\u0131nlatma D\u00fcnyas\u0131","isPartOf":{"@id":"https:\/\/blinkit.com.tr\/#website"},"primaryImageOfPage":{"@id":"https:\/\/blinkit.com.tr\/?product=bugu-onleyiciler#primaryimage"},"image":{"@id":"https:\/\/blinkit.com.tr\/?product=bugu-onleyiciler#primaryimage"},"thumbnailUrl":"https:\/\/blinkit.com.tr\/wp-content\/uploads\/2025\/08\/defogger1.png","datePublished":"2025-08-09T22:12:44+00:00","dateModified":"2026-01-18T16:13:37+00:00","breadcrumb":{"@id":"https:\/\/blinkit.com.tr\/?product=bugu-onleyiciler#breadcrumb"},"inLanguage":"tr","potentialAction":[{"@type":"ReadAction","target":["https:\/\/blinkit.com.tr\/?product=bugu-onleyiciler"]}]},{"@type":"ImageObject","inLanguage":"tr","@id":"https:\/\/blinkit.com.tr\/?product=bugu-onleyiciler#primaryimage","url":"https:\/\/blinkit.com.tr\/wp-content\/uploads\/2025\/08\/defogger1.png","contentUrl":"https:\/\/blinkit.com.tr\/wp-content\/uploads\/2025\/08\/defogger1.png","width":861,"height":859},{"@type":"BreadcrumbList","@id":"https:\/\/blinkit.com.tr\/?product=bugu-onleyiciler#breadcrumb","itemListElement":[{"@type":"ListItem","position":1,"name":"Anasayfa","item":"https:\/\/blinkit.com.tr\/"},{"@type":"ListItem","position":2,"name":"Ma\u011faza","item":"https:\/\/blinkit.com.tr\/?page_id=28881"},{"@type":"ListItem","position":3,"name":"BU\u011eU \u00d6NLEY\u0130C\u0130LER"}]},{"@type":"WebSite","@id":"https:\/\/blinkit.com.tr\/#website","url":"https:\/\/blinkit.com.tr\/","name":"Blinkit, Bir Mobilya Ayd\u0131nlatma D\u00fcnyas\u0131","description":"Mobilya Ayd\u0131nlatma","publisher":{"@id":"https:\/\/blinkit.com.tr\/#organization"},"potentialAction":[{"@type":"SearchAction","target":{"@type":"EntryPoint","urlTemplate":"https:\/\/blinkit.com.tr\/?s={search_term_string}"},"query-input":{"@type":"PropertyValueSpecification","valueRequired":true,"valueName":"search_term_string"}}],"inLanguage":"tr"},{"@type":"Organization","@id":"https:\/\/blinkit.com.tr\/#organization","name":"Blinkit, Bir Mobilya Ayd\u0131nlatma D\u00fcnyas\u0131","url":"https:\/\/blinkit.com.tr\/","logo":{"@type":"ImageObject","inLanguage":"tr","@id":"https:\/\/blinkit.com.tr\/#\/schema\/logo\/image\/","url":"https:\/\/blinkit.com.tr\/wp-content\/uploads\/2024\/10\/LOGO-png.png","contentUrl":"https:\/\/blinkit.com.tr\/wp-content\/uploads\/2024\/10\/LOGO-png.png","width":236,"height":77,"caption":"Blinkit, Bir Mobilya Ayd\u0131nlatma D\u00fcnyas\u0131"},"image":{"@id":"https:\/\/blinkit.com.tr\/#\/schema\/logo\/image\/"}}]}},"jetpack_sharing_enabled":true,"_links":{"self":[{"href":"https:\/\/blinkit.com.tr\/index.php?rest_route=\/wp\/v2\/product\/28762","targetHints":{"allow":["GET"]}}],"collection":[{"href":"https:\/\/blinkit.com.tr\/index.php?rest_route=\/wp\/v2\/product"}],"about":[{"href":"https:\/\/blinkit.com.tr\/index.php?rest_route=\/wp\/v2\/types\/product"}],"replies":[{"embeddable":true,"href":"https:\/\/blinkit.com.tr\/index.php?rest_route=%2Fwp%2Fv2%2Fcomments&post=28762"}],"version-history":[{"count":2,"href":"https:\/\/blinkit.com.tr\/index.php?rest_route=\/wp\/v2\/product\/28762\/revisions"}],"predecessor-version":[{"id":28764,"href":"https:\/\/blinkit.com.tr\/index.php?rest_route=\/wp\/v2\/product\/28762\/revisions\/28764"}],"wp:featuredmedia":[{"embeddable":true,"href":"https:\/\/blinkit.com.tr\/index.php?rest_route=\/wp\/v2\/media\/28911"}],"wp:attachment":[{"href":"https:\/\/blinkit.com.tr\/index.php?rest_route=%2Fwp%2Fv2%2Fmedia&parent=28762"}],"wp:term":[{"taxonomy":"product_brand","embeddable":true,"href":"https:\/\/blinkit.com.tr\/index.php?rest_route=%2Fwp%2Fv2%2Fproduct_brand&post=28762"},{"taxonomy":"product_cat","embeddable":true,"href":"https:\/\/blinkit.com.tr\/index.php?rest_route=%2Fwp%2Fv2%2Fproduct_cat&post=28762"},{"taxonomy":"product_tag","embeddable":true,"href":"https:\/\/blinkit.com.tr\/index.php?rest_route=%2Fwp%2Fv2%2Fproduct_tag&post=28762"}],"curies":[{"name":"wp","href":"https:\/\/api.w.org\/{rel}","templated":true}]}}