{"id":28782,"date":"2025-08-10T02:30:38","date_gmt":"2025-08-09T23:30:38","guid":{"rendered":"https:\/\/blinkit.com.tr\/?post_type=product&#038;p=28782"},"modified":"2026-03-25T00:45:16","modified_gmt":"2026-03-24T21:45:16","slug":"ayna-arkasi-slim-guc-kaynaklari","status":"publish","type":"product","link":"https:\/\/blinkit.com.tr\/?product=ayna-arkasi-slim-guc-kaynaklari","title":{"rendered":"Ayna Arkas\u0131 Slim G\u00fc\u00e7 Kaynaklar\u0131"},"content":{"rendered":"","protected":false},"excerpt":{"rendered":"<p class=\"cvGsUA direction-ltr align-start para-style-body\"><span class=\"OYPEnA font-feature-liga-off font-feature-clig-off font-feature-calt-off text-decoration-none text-strikethrough-none\">Ayna arkas\u0131na monte edilir.<\/span><\/p>\n<p>12mm inceli\u011fi sayesinde ayna arkalar\u0131 i\u00e7in uygundur.<\/p>\n<p>220v kablosu ile birlikte gelir.<\/p>\n<p>Bu\u011fu \u00f6nleyici \u00e7\u0131k\u0131\u015flar\u0131 mevcuttur.<\/p>\n<p class=\"cvGsUA direction-ltr align-start para-style-body\"><span class=\"OYPEnA font-feature-liga-off font-feature-clig-off font-feature-calt-off text-decoration-none text-strikethrough-none\">Besleme voltaj\u0131 220V A.C<\/span><\/p>\n<p class=\"cvGsUA direction-ltr align-start para-style-body\"><span class=\"OYPEnA font-feature-liga-off font-feature-clig-off font-feature-calt-off text-decoration-none text-strikethrough-none\">\u00c7\u0131k\u0131\u015f g\u00fc\u00e7leri 24watt, 36watt ve 60watt t\u0131r.<\/span><\/p>\n","protected":false},"featured_media":28790,"comment_status":"closed","ping_status":"closed","template":"","meta":{"_joinchat":[]},"product_brand":[],"product_cat":[76,74],"product_tag":[],"class_list":{"0":"post-28782","1":"product","2":"type-product","3":"status-publish","4":"has-post-thumbnail","6":"product_cat-akilli-ayna-teknolojileri","7":"product_cat-guc-kaynaklari","8":"pa_guc-secenekleri-24watt","9":"pa_guc-secenekleri-36watt","10":"pa_guc-secenekleri-60watt","12":"first","13":"instock","14":"taxable","15":"shipping-taxable","16":"purchasable","17":"product-type-variable"},"yoast_head":"<!-- This site is optimized with the Yoast SEO plugin v24.2 - https:\/\/yoast.com\/wordpress\/plugins\/seo\/ -->\n<title>Ayna Arkas\u0131 Slim G\u00fc\u00e7 Kaynaklar\u0131 - Blinkit, Bir Mobilya Ayd\u0131nlatma D\u00fcnyas\u0131<\/title>\n<meta name=\"robots\" content=\"index, follow, max-snippet:-1, max-image-preview:large, max-video-preview:-1\" \/>\n<link rel=\"canonical\" href=\"https:\/\/blinkit.com.tr\/?product=ayna-arkasi-slim-guc-kaynaklari\" \/>\n<meta property=\"og:locale\" content=\"tr_TR\" \/>\n<meta property=\"og:type\" content=\"article\" \/>\n<meta property=\"og:title\" content=\"Ayna Arkas\u0131 Slim G\u00fc\u00e7 Kaynaklar\u0131 - Blinkit, Bir Mobilya Ayd\u0131nlatma D\u00fcnyas\u0131\" \/>\n<meta property=\"og:description\" content=\"Ayna arkas\u0131na monte edilir. 12mm inceli\u011fi sayesinde ayna arkalar\u0131 i\u00e7in uygundur.  220v kablosu ile birlikte gelir.  Bu\u011fu \u00f6nleyici \u00e7\u0131k\u0131\u015flar\u0131 mevcuttur. Besleme voltaj\u0131 220V A.C \u00c7\u0131k\u0131\u015f g\u00fc\u00e7leri 24watt, 36watt ve 60watt t\u0131r.\" \/>\n<meta property=\"og:url\" content=\"https:\/\/blinkit.com.tr\/?product=ayna-arkasi-slim-guc-kaynaklari\" \/>\n<meta property=\"og:site_name\" content=\"Blinkit, Bir Mobilya Ayd\u0131nlatma D\u00fcnyas\u0131\" \/>\n<meta property=\"article:modified_time\" content=\"2026-03-24T21:45:16+00:00\" \/>\n<meta property=\"og:image\" content=\"https:\/\/blinkit.com.tr\/wp-content\/uploads\/2024\/10\/BSMP-12.jpg\" \/>\n\t<meta property=\"og:image:width\" content=\"515\" \/>\n\t<meta property=\"og:image:height\" content=\"482\" \/>\n\t<meta property=\"og:image:type\" content=\"image\/jpeg\" \/>\n<meta name=\"twitter:card\" content=\"summary_large_image\" \/>\n<meta name=\"twitter:label1\" content=\"Tahmini okuma s\u00fcresi\" \/>\n\t<meta name=\"twitter:data1\" content=\"1 dakika\" \/>\n<script type=\"application\/ld+json\" class=\"yoast-schema-graph\">{\"@context\":\"https:\/\/schema.org\",\"@graph\":[{\"@type\":\"WebPage\",\"@id\":\"https:\/\/blinkit.com.tr\/?product=ayna-arkasi-slim-guc-kaynaklari\",\"url\":\"https:\/\/blinkit.com.tr\/?product=ayna-arkasi-slim-guc-kaynaklari\",\"name\":\"Ayna Arkas\u0131 Slim G\u00fc\u00e7 Kaynaklar\u0131 - Blinkit, Bir Mobilya Ayd\u0131nlatma D\u00fcnyas\u0131\",\"isPartOf\":{\"@id\":\"https:\/\/blinkit.com.tr\/#website\"},\"primaryImageOfPage\":{\"@id\":\"https:\/\/blinkit.com.tr\/?product=ayna-arkasi-slim-guc-kaynaklari#primaryimage\"},\"image\":{\"@id\":\"https:\/\/blinkit.com.tr\/?product=ayna-arkasi-slim-guc-kaynaklari#primaryimage\"},\"thumbnailUrl\":\"https:\/\/blinkit.com.tr\/wp-content\/uploads\/2024\/10\/BSMP-12.jpg\",\"datePublished\":\"2025-08-09T23:30:38+00:00\",\"dateModified\":\"2026-03-24T21:45:16+00:00\",\"breadcrumb\":{\"@id\":\"https:\/\/blinkit.com.tr\/?product=ayna-arkasi-slim-guc-kaynaklari#breadcrumb\"},\"inLanguage\":\"tr\",\"potentialAction\":[{\"@type\":\"ReadAction\",\"target\":[\"https:\/\/blinkit.com.tr\/?product=ayna-arkasi-slim-guc-kaynaklari\"]}]},{\"@type\":\"ImageObject\",\"inLanguage\":\"tr\",\"@id\":\"https:\/\/blinkit.com.tr\/?product=ayna-arkasi-slim-guc-kaynaklari#primaryimage\",\"url\":\"https:\/\/blinkit.com.tr\/wp-content\/uploads\/2024\/10\/BSMP-12.jpg\",\"contentUrl\":\"https:\/\/blinkit.com.tr\/wp-content\/uploads\/2024\/10\/BSMP-12.jpg\",\"width\":515,\"height\":482},{\"@type\":\"BreadcrumbList\",\"@id\":\"https:\/\/blinkit.com.tr\/?product=ayna-arkasi-slim-guc-kaynaklari#breadcrumb\",\"itemListElement\":[{\"@type\":\"ListItem\",\"position\":1,\"name\":\"Anasayfa\",\"item\":\"https:\/\/blinkit.com.tr\/\"},{\"@type\":\"ListItem\",\"position\":2,\"name\":\"Ma\u011faza\",\"item\":\"https:\/\/blinkit.com.tr\/?page_id=28881\"},{\"@type\":\"ListItem\",\"position\":3,\"name\":\"Ayna Arkas\u0131 Slim G\u00fc\u00e7 Kaynaklar\u0131\"}]},{\"@type\":\"WebSite\",\"@id\":\"https:\/\/blinkit.com.tr\/#website\",\"url\":\"https:\/\/blinkit.com.tr\/\",\"name\":\"Blinkit, Bir Mobilya Ayd\u0131nlatma D\u00fcnyas\u0131\",\"description\":\"Mobilya Ayd\u0131nlatma\",\"publisher\":{\"@id\":\"https:\/\/blinkit.com.tr\/#organization\"},\"potentialAction\":[{\"@type\":\"SearchAction\",\"target\":{\"@type\":\"EntryPoint\",\"urlTemplate\":\"https:\/\/blinkit.com.tr\/?s={search_term_string}\"},\"query-input\":{\"@type\":\"PropertyValueSpecification\",\"valueRequired\":true,\"valueName\":\"search_term_string\"}}],\"inLanguage\":\"tr\"},{\"@type\":\"Organization\",\"@id\":\"https:\/\/blinkit.com.tr\/#organization\",\"name\":\"Blinkit, Bir Mobilya Ayd\u0131nlatma D\u00fcnyas\u0131\",\"url\":\"https:\/\/blinkit.com.tr\/\",\"logo\":{\"@type\":\"ImageObject\",\"inLanguage\":\"tr\",\"@id\":\"https:\/\/blinkit.com.tr\/#\/schema\/logo\/image\/\",\"url\":\"https:\/\/blinkit.com.tr\/wp-content\/uploads\/2024\/10\/LOGO-png.png\",\"contentUrl\":\"https:\/\/blinkit.com.tr\/wp-content\/uploads\/2024\/10\/LOGO-png.png\",\"width\":236,\"height\":77,\"caption\":\"Blinkit, Bir Mobilya Ayd\u0131nlatma D\u00fcnyas\u0131\"},\"image\":{\"@id\":\"https:\/\/blinkit.com.tr\/#\/schema\/logo\/image\/\"}}]}<\/script>\n<!-- \/ Yoast SEO plugin. -->","yoast_head_json":{"title":"Ayna Arkas\u0131 Slim G\u00fc\u00e7 Kaynaklar\u0131 - Blinkit, Bir Mobilya Ayd\u0131nlatma D\u00fcnyas\u0131","robots":{"index":"index","follow":"follow","max-snippet":"max-snippet:-1","max-image-preview":"max-image-preview:large","max-video-preview":"max-video-preview:-1"},"canonical":"https:\/\/blinkit.com.tr\/?product=ayna-arkasi-slim-guc-kaynaklari","og_locale":"tr_TR","og_type":"article","og_title":"Ayna Arkas\u0131 Slim G\u00fc\u00e7 Kaynaklar\u0131 - Blinkit, Bir Mobilya Ayd\u0131nlatma D\u00fcnyas\u0131","og_description":"Ayna arkas\u0131na monte edilir. 12mm inceli\u011fi sayesinde ayna arkalar\u0131 i\u00e7in uygundur.  220v kablosu ile birlikte gelir.  Bu\u011fu \u00f6nleyici \u00e7\u0131k\u0131\u015flar\u0131 mevcuttur. Besleme voltaj\u0131 220V A.C \u00c7\u0131k\u0131\u015f g\u00fc\u00e7leri 24watt, 36watt ve 60watt t\u0131r.","og_url":"https:\/\/blinkit.com.tr\/?product=ayna-arkasi-slim-guc-kaynaklari","og_site_name":"Blinkit, Bir Mobilya Ayd\u0131nlatma D\u00fcnyas\u0131","article_modified_time":"2026-03-24T21:45:16+00:00","og_image":[{"width":515,"height":482,"url":"https:\/\/blinkit.com.tr\/wp-content\/uploads\/2024\/10\/BSMP-12.jpg","type":"image\/jpeg"}],"twitter_card":"summary_large_image","twitter_misc":{"Tahmini okuma s\u00fcresi":"1 dakika"},"schema":{"@context":"https:\/\/schema.org","@graph":[{"@type":"WebPage","@id":"https:\/\/blinkit.com.tr\/?product=ayna-arkasi-slim-guc-kaynaklari","url":"https:\/\/blinkit.com.tr\/?product=ayna-arkasi-slim-guc-kaynaklari","name":"Ayna Arkas\u0131 Slim G\u00fc\u00e7 Kaynaklar\u0131 - Blinkit, Bir Mobilya Ayd\u0131nlatma D\u00fcnyas\u0131","isPartOf":{"@id":"https:\/\/blinkit.com.tr\/#website"},"primaryImageOfPage":{"@id":"https:\/\/blinkit.com.tr\/?product=ayna-arkasi-slim-guc-kaynaklari#primaryimage"},"image":{"@id":"https:\/\/blinkit.com.tr\/?product=ayna-arkasi-slim-guc-kaynaklari#primaryimage"},"thumbnailUrl":"https:\/\/blinkit.com.tr\/wp-content\/uploads\/2024\/10\/BSMP-12.jpg","datePublished":"2025-08-09T23:30:38+00:00","dateModified":"2026-03-24T21:45:16+00:00","breadcrumb":{"@id":"https:\/\/blinkit.com.tr\/?product=ayna-arkasi-slim-guc-kaynaklari#breadcrumb"},"inLanguage":"tr","potentialAction":[{"@type":"ReadAction","target":["https:\/\/blinkit.com.tr\/?product=ayna-arkasi-slim-guc-kaynaklari"]}]},{"@type":"ImageObject","inLanguage":"tr","@id":"https:\/\/blinkit.com.tr\/?product=ayna-arkasi-slim-guc-kaynaklari#primaryimage","url":"https:\/\/blinkit.com.tr\/wp-content\/uploads\/2024\/10\/BSMP-12.jpg","contentUrl":"https:\/\/blinkit.com.tr\/wp-content\/uploads\/2024\/10\/BSMP-12.jpg","width":515,"height":482},{"@type":"BreadcrumbList","@id":"https:\/\/blinkit.com.tr\/?product=ayna-arkasi-slim-guc-kaynaklari#breadcrumb","itemListElement":[{"@type":"ListItem","position":1,"name":"Anasayfa","item":"https:\/\/blinkit.com.tr\/"},{"@type":"ListItem","position":2,"name":"Ma\u011faza","item":"https:\/\/blinkit.com.tr\/?page_id=28881"},{"@type":"ListItem","position":3,"name":"Ayna Arkas\u0131 Slim G\u00fc\u00e7 Kaynaklar\u0131"}]},{"@type":"WebSite","@id":"https:\/\/blinkit.com.tr\/#website","url":"https:\/\/blinkit.com.tr\/","name":"Blinkit, Bir Mobilya Ayd\u0131nlatma D\u00fcnyas\u0131","description":"Mobilya Ayd\u0131nlatma","publisher":{"@id":"https:\/\/blinkit.com.tr\/#organization"},"potentialAction":[{"@type":"SearchAction","target":{"@type":"EntryPoint","urlTemplate":"https:\/\/blinkit.com.tr\/?s={search_term_string}"},"query-input":{"@type":"PropertyValueSpecification","valueRequired":true,"valueName":"search_term_string"}}],"inLanguage":"tr"},{"@type":"Organization","@id":"https:\/\/blinkit.com.tr\/#organization","name":"Blinkit, Bir Mobilya Ayd\u0131nlatma D\u00fcnyas\u0131","url":"https:\/\/blinkit.com.tr\/","logo":{"@type":"ImageObject","inLanguage":"tr","@id":"https:\/\/blinkit.com.tr\/#\/schema\/logo\/image\/","url":"https:\/\/blinkit.com.tr\/wp-content\/uploads\/2024\/10\/LOGO-png.png","contentUrl":"https:\/\/blinkit.com.tr\/wp-content\/uploads\/2024\/10\/LOGO-png.png","width":236,"height":77,"caption":"Blinkit, Bir Mobilya Ayd\u0131nlatma D\u00fcnyas\u0131"},"image":{"@id":"https:\/\/blinkit.com.tr\/#\/schema\/logo\/image\/"}}]}},"jetpack_sharing_enabled":true,"_links":{"self":[{"href":"https:\/\/blinkit.com.tr\/index.php?rest_route=\/wp\/v2\/product\/28782","targetHints":{"allow":["GET"]}}],"collection":[{"href":"https:\/\/blinkit.com.tr\/index.php?rest_route=\/wp\/v2\/product"}],"about":[{"href":"https:\/\/blinkit.com.tr\/index.php?rest_route=\/wp\/v2\/types\/product"}],"replies":[{"embeddable":true,"href":"https:\/\/blinkit.com.tr\/index.php?rest_route=%2Fwp%2Fv2%2Fcomments&post=28782"}],"version-history":[{"count":3,"href":"https:\/\/blinkit.com.tr\/index.php?rest_route=\/wp\/v2\/product\/28782\/revisions"}],"predecessor-version":[{"id":28915,"href":"https:\/\/blinkit.com.tr\/index.php?rest_route=\/wp\/v2\/product\/28782\/revisions\/28915"}],"wp:featuredmedia":[{"embeddable":true,"href":"https:\/\/blinkit.com.tr\/index.php?rest_route=\/wp\/v2\/media\/28790"}],"wp:attachment":[{"href":"https:\/\/blinkit.com.tr\/index.php?rest_route=%2Fwp%2Fv2%2Fmedia&parent=28782"}],"wp:term":[{"taxonomy":"product_brand","embeddable":true,"href":"https:\/\/blinkit.com.tr\/index.php?rest_route=%2Fwp%2Fv2%2Fproduct_brand&post=28782"},{"taxonomy":"product_cat","embeddable":true,"href":"https:\/\/blinkit.com.tr\/index.php?rest_route=%2Fwp%2Fv2%2Fproduct_cat&post=28782"},{"taxonomy":"product_tag","embeddable":true,"href":"https:\/\/blinkit.com.tr\/index.php?rest_route=%2Fwp%2Fv2%2Fproduct_tag&post=28782"}],"curies":[{"name":"wp","href":"https:\/\/api.w.org\/{rel}","templated":true}]}}