{"id":28938,"date":"2026-01-18T23:57:45","date_gmt":"2026-01-18T20:57:45","guid":{"rendered":"https:\/\/blinkit.com.tr\/?post_type=product&#038;p=28938"},"modified":"2026-01-19T00:11:21","modified_gmt":"2026-01-18T21:11:21","slug":"fisli-led-driver-priz-tipi","status":"publish","type":"product","link":"https:\/\/blinkit.com.tr\/?product=fisli-led-driver-priz-tipi","title":{"rendered":"Fi\u015fli led driver &#8211; Priz tipi"},"content":{"rendered":"<p>12watt tan 48watt a kadar \u00fcretilir,<\/p>\n<p>50cm kablo uzunlu\u011fu.<\/p>\n","protected":false},"excerpt":{"rendered":"<p>12watt tan 48watt a kadar \u00fcretilir, 50cm kablo uzunlu\u011fu.<\/p>\n","protected":false},"featured_media":28945,"comment_status":"open","ping_status":"closed","template":"","meta":{"_joinchat":[]},"product_brand":[],"product_cat":[74],"product_tag":[],"class_list":{"0":"post-28938","1":"product","2":"type-product","3":"status-publish","4":"has-post-thumbnail","6":"product_cat-guc-kaynaklari","7":"pa_guc-secenekleri-12watt","8":"pa_guc-secenekleri-24watt","9":"pa_guc-secenekleri-36watt","10":"pa_guc-secenekleri-48watt","11":"pa_guc-secenekleri-60watt","13":"first","14":"instock","15":"taxable","16":"shipping-taxable","17":"purchasable","18":"product-type-variable","19":"has-default-attributes"},"yoast_head":"<!-- This site is optimized with the Yoast SEO plugin v24.2 - https:\/\/yoast.com\/wordpress\/plugins\/seo\/ -->\n<title>Fi\u015fli led driver - Priz tipi - Blinkit, Bir Mobilya Ayd\u0131nlatma D\u00fcnyas\u0131<\/title>\n<meta name=\"robots\" content=\"index, follow, max-snippet:-1, max-image-preview:large, max-video-preview:-1\" \/>\n<link rel=\"canonical\" href=\"https:\/\/blinkit.com.tr\/?product=fisli-led-driver-priz-tipi\" \/>\n<meta property=\"og:locale\" content=\"tr_TR\" \/>\n<meta property=\"og:type\" content=\"article\" \/>\n<meta property=\"og:title\" content=\"Fi\u015fli led driver - Priz tipi - Blinkit, Bir Mobilya Ayd\u0131nlatma D\u00fcnyas\u0131\" \/>\n<meta property=\"og:description\" content=\"12watt tan 48watt a kadar \u00fcretilir, 50cm kablo uzunlu\u011fu.\" \/>\n<meta property=\"og:url\" content=\"https:\/\/blinkit.com.tr\/?product=fisli-led-driver-priz-tipi\" \/>\n<meta property=\"og:site_name\" content=\"Blinkit, Bir Mobilya Ayd\u0131nlatma D\u00fcnyas\u0131\" \/>\n<meta property=\"article:modified_time\" content=\"2026-01-18T21:11:21+00:00\" \/>\n<meta property=\"og:image\" content=\"https:\/\/blinkit.com.tr\/wp-content\/uploads\/2026\/01\/fisli-led-driver.png\" \/>\n\t<meta property=\"og:image:width\" content=\"248\" \/>\n\t<meta property=\"og:image:height\" content=\"318\" \/>\n\t<meta property=\"og:image:type\" content=\"image\/png\" \/>\n<meta name=\"twitter:card\" content=\"summary_large_image\" \/>\n<meta name=\"twitter:label1\" content=\"Tahmini okuma s\u00fcresi\" \/>\n\t<meta name=\"twitter:data1\" content=\"1 dakika\" \/>\n<script type=\"application\/ld+json\" class=\"yoast-schema-graph\">{\"@context\":\"https:\/\/schema.org\",\"@graph\":[{\"@type\":\"WebPage\",\"@id\":\"https:\/\/blinkit.com.tr\/?product=fisli-led-driver-priz-tipi\",\"url\":\"https:\/\/blinkit.com.tr\/?product=fisli-led-driver-priz-tipi\",\"name\":\"Fi\u015fli led driver - Priz tipi - Blinkit, Bir Mobilya Ayd\u0131nlatma D\u00fcnyas\u0131\",\"isPartOf\":{\"@id\":\"https:\/\/blinkit.com.tr\/#website\"},\"primaryImageOfPage\":{\"@id\":\"https:\/\/blinkit.com.tr\/?product=fisli-led-driver-priz-tipi#primaryimage\"},\"image\":{\"@id\":\"https:\/\/blinkit.com.tr\/?product=fisli-led-driver-priz-tipi#primaryimage\"},\"thumbnailUrl\":\"https:\/\/blinkit.com.tr\/wp-content\/uploads\/2026\/01\/fisli-led-driver.png\",\"datePublished\":\"2026-01-18T20:57:45+00:00\",\"dateModified\":\"2026-01-18T21:11:21+00:00\",\"breadcrumb\":{\"@id\":\"https:\/\/blinkit.com.tr\/?product=fisli-led-driver-priz-tipi#breadcrumb\"},\"inLanguage\":\"tr\",\"potentialAction\":[{\"@type\":\"ReadAction\",\"target\":[\"https:\/\/blinkit.com.tr\/?product=fisli-led-driver-priz-tipi\"]}]},{\"@type\":\"ImageObject\",\"inLanguage\":\"tr\",\"@id\":\"https:\/\/blinkit.com.tr\/?product=fisli-led-driver-priz-tipi#primaryimage\",\"url\":\"https:\/\/blinkit.com.tr\/wp-content\/uploads\/2026\/01\/fisli-led-driver.png\",\"contentUrl\":\"https:\/\/blinkit.com.tr\/wp-content\/uploads\/2026\/01\/fisli-led-driver.png\",\"width\":248,\"height\":318},{\"@type\":\"BreadcrumbList\",\"@id\":\"https:\/\/blinkit.com.tr\/?product=fisli-led-driver-priz-tipi#breadcrumb\",\"itemListElement\":[{\"@type\":\"ListItem\",\"position\":1,\"name\":\"Anasayfa\",\"item\":\"https:\/\/blinkit.com.tr\/\"},{\"@type\":\"ListItem\",\"position\":2,\"name\":\"Ma\u011faza\",\"item\":\"https:\/\/blinkit.com.tr\/?page_id=28881\"},{\"@type\":\"ListItem\",\"position\":3,\"name\":\"Fi\u015fli led driver &#8211; Priz tipi\"}]},{\"@type\":\"WebSite\",\"@id\":\"https:\/\/blinkit.com.tr\/#website\",\"url\":\"https:\/\/blinkit.com.tr\/\",\"name\":\"Blinkit, Bir Mobilya Ayd\u0131nlatma D\u00fcnyas\u0131\",\"description\":\"Mobilya Ayd\u0131nlatma\",\"publisher\":{\"@id\":\"https:\/\/blinkit.com.tr\/#organization\"},\"potentialAction\":[{\"@type\":\"SearchAction\",\"target\":{\"@type\":\"EntryPoint\",\"urlTemplate\":\"https:\/\/blinkit.com.tr\/?s={search_term_string}\"},\"query-input\":{\"@type\":\"PropertyValueSpecification\",\"valueRequired\":true,\"valueName\":\"search_term_string\"}}],\"inLanguage\":\"tr\"},{\"@type\":\"Organization\",\"@id\":\"https:\/\/blinkit.com.tr\/#organization\",\"name\":\"Blinkit, Bir Mobilya Ayd\u0131nlatma D\u00fcnyas\u0131\",\"url\":\"https:\/\/blinkit.com.tr\/\",\"logo\":{\"@type\":\"ImageObject\",\"inLanguage\":\"tr\",\"@id\":\"https:\/\/blinkit.com.tr\/#\/schema\/logo\/image\/\",\"url\":\"https:\/\/blinkit.com.tr\/wp-content\/uploads\/2024\/10\/LOGO-png.png\",\"contentUrl\":\"https:\/\/blinkit.com.tr\/wp-content\/uploads\/2024\/10\/LOGO-png.png\",\"width\":236,\"height\":77,\"caption\":\"Blinkit, Bir Mobilya Ayd\u0131nlatma D\u00fcnyas\u0131\"},\"image\":{\"@id\":\"https:\/\/blinkit.com.tr\/#\/schema\/logo\/image\/\"}}]}<\/script>\n<!-- \/ Yoast SEO plugin. -->","yoast_head_json":{"title":"Fi\u015fli led driver - Priz tipi - Blinkit, Bir Mobilya Ayd\u0131nlatma D\u00fcnyas\u0131","robots":{"index":"index","follow":"follow","max-snippet":"max-snippet:-1","max-image-preview":"max-image-preview:large","max-video-preview":"max-video-preview:-1"},"canonical":"https:\/\/blinkit.com.tr\/?product=fisli-led-driver-priz-tipi","og_locale":"tr_TR","og_type":"article","og_title":"Fi\u015fli led driver - Priz tipi - Blinkit, Bir Mobilya Ayd\u0131nlatma D\u00fcnyas\u0131","og_description":"12watt tan 48watt a kadar \u00fcretilir, 50cm kablo uzunlu\u011fu.","og_url":"https:\/\/blinkit.com.tr\/?product=fisli-led-driver-priz-tipi","og_site_name":"Blinkit, Bir Mobilya Ayd\u0131nlatma D\u00fcnyas\u0131","article_modified_time":"2026-01-18T21:11:21+00:00","og_image":[{"width":248,"height":318,"url":"https:\/\/blinkit.com.tr\/wp-content\/uploads\/2026\/01\/fisli-led-driver.png","type":"image\/png"}],"twitter_card":"summary_large_image","twitter_misc":{"Tahmini okuma s\u00fcresi":"1 dakika"},"schema":{"@context":"https:\/\/schema.org","@graph":[{"@type":"WebPage","@id":"https:\/\/blinkit.com.tr\/?product=fisli-led-driver-priz-tipi","url":"https:\/\/blinkit.com.tr\/?product=fisli-led-driver-priz-tipi","name":"Fi\u015fli led driver - Priz tipi - Blinkit, Bir Mobilya Ayd\u0131nlatma D\u00fcnyas\u0131","isPartOf":{"@id":"https:\/\/blinkit.com.tr\/#website"},"primaryImageOfPage":{"@id":"https:\/\/blinkit.com.tr\/?product=fisli-led-driver-priz-tipi#primaryimage"},"image":{"@id":"https:\/\/blinkit.com.tr\/?product=fisli-led-driver-priz-tipi#primaryimage"},"thumbnailUrl":"https:\/\/blinkit.com.tr\/wp-content\/uploads\/2026\/01\/fisli-led-driver.png","datePublished":"2026-01-18T20:57:45+00:00","dateModified":"2026-01-18T21:11:21+00:00","breadcrumb":{"@id":"https:\/\/blinkit.com.tr\/?product=fisli-led-driver-priz-tipi#breadcrumb"},"inLanguage":"tr","potentialAction":[{"@type":"ReadAction","target":["https:\/\/blinkit.com.tr\/?product=fisli-led-driver-priz-tipi"]}]},{"@type":"ImageObject","inLanguage":"tr","@id":"https:\/\/blinkit.com.tr\/?product=fisli-led-driver-priz-tipi#primaryimage","url":"https:\/\/blinkit.com.tr\/wp-content\/uploads\/2026\/01\/fisli-led-driver.png","contentUrl":"https:\/\/blinkit.com.tr\/wp-content\/uploads\/2026\/01\/fisli-led-driver.png","width":248,"height":318},{"@type":"BreadcrumbList","@id":"https:\/\/blinkit.com.tr\/?product=fisli-led-driver-priz-tipi#breadcrumb","itemListElement":[{"@type":"ListItem","position":1,"name":"Anasayfa","item":"https:\/\/blinkit.com.tr\/"},{"@type":"ListItem","position":2,"name":"Ma\u011faza","item":"https:\/\/blinkit.com.tr\/?page_id=28881"},{"@type":"ListItem","position":3,"name":"Fi\u015fli led driver &#8211; Priz tipi"}]},{"@type":"WebSite","@id":"https:\/\/blinkit.com.tr\/#website","url":"https:\/\/blinkit.com.tr\/","name":"Blinkit, Bir Mobilya Ayd\u0131nlatma D\u00fcnyas\u0131","description":"Mobilya Ayd\u0131nlatma","publisher":{"@id":"https:\/\/blinkit.com.tr\/#organization"},"potentialAction":[{"@type":"SearchAction","target":{"@type":"EntryPoint","urlTemplate":"https:\/\/blinkit.com.tr\/?s={search_term_string}"},"query-input":{"@type":"PropertyValueSpecification","valueRequired":true,"valueName":"search_term_string"}}],"inLanguage":"tr"},{"@type":"Organization","@id":"https:\/\/blinkit.com.tr\/#organization","name":"Blinkit, Bir Mobilya Ayd\u0131nlatma D\u00fcnyas\u0131","url":"https:\/\/blinkit.com.tr\/","logo":{"@type":"ImageObject","inLanguage":"tr","@id":"https:\/\/blinkit.com.tr\/#\/schema\/logo\/image\/","url":"https:\/\/blinkit.com.tr\/wp-content\/uploads\/2024\/10\/LOGO-png.png","contentUrl":"https:\/\/blinkit.com.tr\/wp-content\/uploads\/2024\/10\/LOGO-png.png","width":236,"height":77,"caption":"Blinkit, Bir Mobilya Ayd\u0131nlatma D\u00fcnyas\u0131"},"image":{"@id":"https:\/\/blinkit.com.tr\/#\/schema\/logo\/image\/"}}]}},"jetpack_sharing_enabled":true,"_links":{"self":[{"href":"https:\/\/blinkit.com.tr\/index.php?rest_route=\/wp\/v2\/product\/28938","targetHints":{"allow":["GET"]}}],"collection":[{"href":"https:\/\/blinkit.com.tr\/index.php?rest_route=\/wp\/v2\/product"}],"about":[{"href":"https:\/\/blinkit.com.tr\/index.php?rest_route=\/wp\/v2\/types\/product"}],"replies":[{"embeddable":true,"href":"https:\/\/blinkit.com.tr\/index.php?rest_route=%2Fwp%2Fv2%2Fcomments&post=28938"}],"version-history":[{"count":2,"href":"https:\/\/blinkit.com.tr\/index.php?rest_route=\/wp\/v2\/product\/28938\/revisions"}],"predecessor-version":[{"id":28995,"href":"https:\/\/blinkit.com.tr\/index.php?rest_route=\/wp\/v2\/product\/28938\/revisions\/28995"}],"wp:featuredmedia":[{"embeddable":true,"href":"https:\/\/blinkit.com.tr\/index.php?rest_route=\/wp\/v2\/media\/28945"}],"wp:attachment":[{"href":"https:\/\/blinkit.com.tr\/index.php?rest_route=%2Fwp%2Fv2%2Fmedia&parent=28938"}],"wp:term":[{"taxonomy":"product_brand","embeddable":true,"href":"https:\/\/blinkit.com.tr\/index.php?rest_route=%2Fwp%2Fv2%2Fproduct_brand&post=28938"},{"taxonomy":"product_cat","embeddable":true,"href":"https:\/\/blinkit.com.tr\/index.php?rest_route=%2Fwp%2Fv2%2Fproduct_cat&post=28938"},{"taxonomy":"product_tag","embeddable":true,"href":"https:\/\/blinkit.com.tr\/index.php?rest_route=%2Fwp%2Fv2%2Fproduct_tag&post=28938"}],"curies":[{"name":"wp","href":"https:\/\/api.w.org\/{rel}","templated":true}]}}